{"id":2255,"date":"2024-01-14T17:08:00","date_gmt":"2024-01-14T17:08:00","guid":{"rendered":"https:\/\/neu.zernez-ref.ch\/?page_id=2255"},"modified":"2024-03-26T18:30:08","modified_gmt":"2024-03-26T18:30:08","slug":"konfirmation","status":"publish","type":"page","link":"https:\/\/zernez-ref.ch\/de\/konfirmation\/","title":{"rendered":"Konfirmation"},"content":{"rendered":"<div class=\"fusion-fullwidth fullwidth-box fusion-builder-row-1 fusion-flex-container has-pattern-background has-mask-background nonhundred-percent-fullwidth non-hundred-percent-height-scrolling\" style=\"--awb-border-radius-top-left:0px;--awb-border-radius-top-right:0px;--awb-border-radius-bottom-right:0px;--awb-border-radius-bottom-left:0px;--awb-flex-wrap:wrap;\" ><div class=\"fusion-builder-row fusion-row fusion-flex-align-items-flex-start fusion-flex-content-wrap\" style=\"max-width:1302px;margin-left: calc(-5% \/ 2 );margin-right: calc(-5% \/ 2 );\"><div class=\"fusion-layout-column fusion_builder_column fusion-builder-column-0 fusion_builder_column_1_1 1_1 fusion-flex-column\" style=\"--awb-bg-size:cover;--awb-width-large:100%;--awb-margin-top-large:0px;--awb-spacing-right-large:2.375%;--awb-margin-bottom-large:0px;--awb-spacing-left-large:2.375%;--awb-width-medium:100%;--awb-order-medium:0;--awb-spacing-right-medium:2.375%;--awb-spacing-left-medium:2.375%;--awb-width-small:100%;--awb-order-small:0;--awb-spacing-right-small:2.375%;--awb-spacing-left-small:2.375%;\"><div class=\"fusion-column-wrapper fusion-column-has-shadow fusion-flex-justify-content-flex-start fusion-content-layout-column\"><div class=\"fusion-title title fusion-title-1 fusion-sep-none fusion-title-text fusion-title-size-two\" style=\"--awb-font-size:var(--awb-typography1-font-size);\"><h2 class=\"fusion-title-heading title-heading-left\" style=\"font-family:var(--awb-typography1-font-family);font-weight:var(--awb-typography1-font-weight);font-style:var(--awb-typography1-font-style);margin:0;font-size:1em;letter-spacing:var(--awb-typography1-letter-spacing);text-transform:none;\"><p style=\"text-align: left;\"><span style=\"color: #0079bc;\">Konfirmation<\/span><\/p><\/h2><\/div><div class=\"fusion-separator fusion-full-width-sep\" style=\"align-self: flex-start;margin-right:auto;margin-top:30px;margin-bottom:30px;width:100%;\"><div class=\"fusion-separator-border sep-single sep-solid\" style=\"--awb-height:20px;--awb-amount:20px;--awb-sep-color:var(--awb-color4);border-color:var(--awb-color4);border-top-width:1px;\"><\/div><\/div><div class=\"fusion-text fusion-text-1\"><h3 data-fontsize=\"28\" style=\"--fontSize: 28; line-height: 1.3; --minFontSize: 28;\" data-lineheight=\"36.4px\" class=\"fusion-responsive-typography-calculated\"><strong>Lebensfragen diskutieren<\/strong><\/h3>\n<p>Weil der Sinn des romanischen Wortes \u201econfermar\u201c noch so nah beim Wort Konfirmation liegt, ist es in unserer Region besser verst\u00e4ndlich, dass die Konfirmation eine Best\u00e4tigung f\u00fcr die von den Eltern beim Kleinkind beschlossenen Taufe ist. Normalerweise werden in unserer Gemeinde die Jugendlichen beim Schulabgang konfirmiert (es kann aber auch sp\u00e4ter geschehen). Vor der Konfirmation besuchen die Jugendlichen zwei Jahre lang den Pr\u00e4paranden- und Konfirmanden-Unterricht. Normalerweise werden sie dann auch in jener Gemeinde konfirmiert, in der sie den Unterricht genossen haben (Ausnahmen m\u00fcssen mit dem Pfarrer und dem Kirchenvorstand besprochen werden). Mit der Konfirmation entscheiden sich die Kinder f\u00fcr ein christliches Leben und werden m\u00fcndige Mitglieder der Kirchgemeinde, in welcher sie Stimm- und Wahlrecht haben und auch Patenkinder haben darf.<\/p>\n<\/div><\/div><\/div><\/div><\/div>\n","protected":false},"excerpt":{"rendered":"","protected":false},"author":1,"featured_media":0,"parent":0,"menu_order":0,"comment_status":"closed","ping_status":"closed","template":"","meta":{"footnotes":""},"class_list":["post-2255","page","type-page","status-publish","hentry"],"_links":{"self":[{"href":"https:\/\/zernez-ref.ch\/de\/wp-json\/wp\/v2\/pages\/2255","targetHints":{"allow":["GET"]}}],"collection":[{"href":"https:\/\/zernez-ref.ch\/de\/wp-json\/wp\/v2\/pages"}],"about":[{"href":"https:\/\/zernez-ref.ch\/de\/wp-json\/wp\/v2\/types\/page"}],"author":[{"embeddable":true,"href":"https:\/\/zernez-ref.ch\/de\/wp-json\/wp\/v2\/users\/1"}],"replies":[{"embeddable":true,"href":"https:\/\/zernez-ref.ch\/de\/wp-json\/wp\/v2\/comments?post=2255"}],"version-history":[{"count":8,"href":"https:\/\/zernez-ref.ch\/de\/wp-json\/wp\/v2\/pages\/2255\/revisions"}],"predecessor-version":[{"id":2798,"href":"https:\/\/zernez-ref.ch\/de\/wp-json\/wp\/v2\/pages\/2255\/revisions\/2798"}],"wp:attachment":[{"href":"https:\/\/zernez-ref.ch\/de\/wp-json\/wp\/v2\/media?parent=2255"}],"curies":[{"name":"wp","href":"https:\/\/api.w.org\/{rel}","templated":true}]}}