{"id":2263,"date":"2024-01-16T16:08:43","date_gmt":"2024-01-16T16:08:43","guid":{"rendered":"https:\/\/neu.zernez-ref.ch\/?page_id=2263"},"modified":"2024-02-20T20:22:23","modified_gmt":"2024-02-20T20:22:23","slug":"trauung","status":"publish","type":"page","link":"https:\/\/zernez-ref.ch\/de\/trauung\/","title":{"rendered":"Trauung"},"content":{"rendered":"<div class=\"fusion-fullwidth fullwidth-box fusion-builder-row-1 fusion-flex-container has-pattern-background has-mask-background nonhundred-percent-fullwidth non-hundred-percent-height-scrolling\" style=\"--awb-border-radius-top-left:0px;--awb-border-radius-top-right:0px;--awb-border-radius-bottom-right:0px;--awb-border-radius-bottom-left:0px;--awb-flex-wrap:wrap;\" ><div class=\"fusion-builder-row fusion-row fusion-flex-align-items-flex-start fusion-flex-content-wrap\" style=\"max-width:1302px;margin-left: calc(-5% \/ 2 );margin-right: calc(-5% \/ 2 );\"><div class=\"fusion-layout-column fusion_builder_column fusion-builder-column-0 fusion_builder_column_1_1 1_1 fusion-flex-column\" style=\"--awb-bg-size:cover;--awb-width-large:100%;--awb-margin-top-large:0px;--awb-spacing-right-large:2.375%;--awb-margin-bottom-large:0px;--awb-spacing-left-large:2.375%;--awb-width-medium:100%;--awb-order-medium:0;--awb-spacing-right-medium:2.375%;--awb-spacing-left-medium:2.375%;--awb-width-small:100%;--awb-order-small:0;--awb-spacing-right-small:2.375%;--awb-spacing-left-small:2.375%;\"><div class=\"fusion-column-wrapper fusion-column-has-shadow fusion-flex-justify-content-flex-start fusion-content-layout-column\"><div class=\"fusion-title title fusion-title-1 fusion-sep-none fusion-title-text fusion-title-size-two\" style=\"--awb-font-size:var(--awb-typography1-font-size);\"><h2 class=\"fusion-title-heading title-heading-left\" style=\"font-family:var(--awb-typography1-font-family);font-weight:var(--awb-typography1-font-weight);font-style:var(--awb-typography1-font-style);margin:0;font-size:1em;letter-spacing:var(--awb-typography1-letter-spacing);text-transform:none;\"><p style=\"text-align: left;\"><span style=\"color: #0079bc;\">Hochzeit \/ Trauung<\/span><\/p><\/h2><\/div><div class=\"fusion-separator fusion-full-width-sep\" style=\"align-self: flex-start;margin-right:auto;margin-top:30px;margin-bottom:30px;width:100%;\"><div class=\"fusion-separator-border sep-single sep-solid\" style=\"--awb-height:20px;--awb-amount:20px;--awb-sep-color:var(--awb-color4);border-color:var(--awb-color4);border-top-width:1px;\"><\/div><\/div><div class=\"fusion-text fusion-text-1\"><div>\n<h3>Mit Familie und Freunden<\/h3>\n<\/div>\n<div>\n<p>Bei der kirchlichen Trauung entscheidet sich ein Paar f\u00fcr einen Bund und ein Versprechen mit Gottes Segen. Das Paar geht mit Gott ein B\u00fcndnis ein, w\u00e4hrend die geladenen G\u00e4ste Zeugen dieser Versprechen werden d\u00fcrfen.<\/p>\n<p>Wer sich daf\u00fcr entscheidet, diesen Schritt in einer unserer Kirchen zu machen, meldet sich bitte fr\u00fchzeitig, um einen Termin zu finden und die Kirche daf\u00fcr zu reservieren.<\/p>\n<p>Die B\u00fcndner Landeskirche bietet bei Bedarf auch eine Beratungsstelle f\u00fcr Paare in Chur an.<\/p>\n<\/div>\n<\/div><\/div><\/div><\/div><\/div>\n","protected":false},"excerpt":{"rendered":"","protected":false},"author":1,"featured_media":0,"parent":0,"menu_order":0,"comment_status":"closed","ping_status":"closed","template":"","meta":{"footnotes":""},"class_list":["post-2263","page","type-page","status-publish","hentry"],"_links":{"self":[{"href":"https:\/\/zernez-ref.ch\/de\/wp-json\/wp\/v2\/pages\/2263","targetHints":{"allow":["GET"]}}],"collection":[{"href":"https:\/\/zernez-ref.ch\/de\/wp-json\/wp\/v2\/pages"}],"about":[{"href":"https:\/\/zernez-ref.ch\/de\/wp-json\/wp\/v2\/types\/page"}],"author":[{"embeddable":true,"href":"https:\/\/zernez-ref.ch\/de\/wp-json\/wp\/v2\/users\/1"}],"replies":[{"embeddable":true,"href":"https:\/\/zernez-ref.ch\/de\/wp-json\/wp\/v2\/comments?post=2263"}],"version-history":[{"count":6,"href":"https:\/\/zernez-ref.ch\/de\/wp-json\/wp\/v2\/pages\/2263\/revisions"}],"predecessor-version":[{"id":2610,"href":"https:\/\/zernez-ref.ch\/de\/wp-json\/wp\/v2\/pages\/2263\/revisions\/2610"}],"wp:attachment":[{"href":"https:\/\/zernez-ref.ch\/de\/wp-json\/wp\/v2\/media?parent=2263"}],"curies":[{"name":"wp","href":"https:\/\/api.w.org\/{rel}","templated":true}]}}